{"id":10355,"date":"2020-11-09T09:45:38","date_gmt":"2020-11-09T12:45:38","guid":{"rendered":"https:\/\/blunery.com\/en\/?page_id=10355"},"modified":"2021-01-06T09:48:14","modified_gmt":"2021-01-06T12:48:14","slug":"about-us","status":"publish","type":"page","link":"https:\/\/blunery.com\/en\/about-us\/","title":{"rendered":"About Us"},"content":{"rendered":"<p>[vc_row parallax=&#8221;content-moving&#8221; parallax_image=&#8221;10030&#8243; css=&#8221;.vc_custom_1604008711554{padding-top: 70px !important;padding-bottom: 70px !important;background-image: url(https:\/\/blunery.com\/en\/wp-content\/uploads\/2019\/05\/main-bg-1.png?id=8860) !important;background-position: center;background-repeat: no-repeat !important;background-size: cover !important;}&#8221; el_id=&#8221;first-row&#8221;][vc_column]\r\n\t<div class=\"bauer-spacer clearfix\" data-desktop=\"94\" data-mobi=\"60\" data-smobi=\"60\"><\/div>[vc_row_inner][vc_column_inner width=&#8221;1\/2&#8243;]\r\n\t<div class=\"bauer-spacer clearfix\" data-desktop=\"55\" data-mobi=\"40\" data-smobi=\"40\"><\/div>[\/vc_column_inner][vc_column_inner width=&#8221;1\/2&#8243; css=&#8221;.vc_custom_1602654057083{padding-top: 80px !important;padding-right: 50px !important;padding-bottom: 80px !important;padding-left: 50px !important;background-color: rgba(255,255,255,0.84) !important;*background-color: rgb(255,255,255) !important;}&#8221;]\r\n\t<div class=\"bauer-spacer clearfix\" data-desktop=\"55\" data-mobi=\"40\" data-smobi=\"40\"><\/div><div class=\"bauer-single-heading clearfix \" style=\"margin-bottom:25px;\"><span class=\"inner\"><span class=\"heading clearfix \" style=\"font-weight:600;color:#183ea5;font-size:16px;\">\r\n\t\tWE ARE BLUNERY\r\n\t<\/span><\/span><\/div><h2 class=\"bauer-text clearfix \" style=\"font-size:42px;line-height:50px;margin-bottom:32px;\"><p><span class=\"font-weight-300\">About<\/span> Us<\/p>\n<\/h2><div class=\"bauer-text clearfix \" style=\"font-size:18px;line-height:30px;color:#414042;margin-bottom:34px;\"><p>We have more than 20 years of experience in the Latin American energy market for telecommunications and industries.<\/p>\n<\/div><div class=\"bauer-text clearfix \" style=\"\"><p>We have a team of professionals who work every day to find more and better innovative options, always keeping an eye on the needs of our customers.<\/p>\n<\/div>\r\n\t<div class=\"bauer-spacer clearfix\" data-desktop=\"30\" data-mobi=\"30\" data-smobi=\"30\"><\/div>[\/vc_column_inner][\/vc_row_inner]\r\n\t<div class=\"bauer-spacer clearfix\" data-desktop=\"100\" data-mobi=\"60\" data-smobi=\"60\"><\/div>[\/vc_column][\/vc_row][vc_row disable_element=&#8221;yes&#8221; css=&#8221;.vc_custom_1608110529711{margin-top: 100px !important;margin-bottom: 100px !important;}&#8221;][vc_column width=&#8221;1\/2&#8243;]<div class=\"bauer-images-carousel  arrow-center\" data-auto=\"true\" data-loop=\"false\" data-gap=\"30\" data-column=\"1\" data-column2=\"2\" data-column3=\"1\">\r\n        <div class=\"owl-carousel owl-theme\"><div class=\"item-wrap\"><img src=\"https:\/\/blunery.com\/en\/wp-content\/uploads\/2020\/10\/home-vertical-quienes-1-473x500.jpg\" alt=\"Image\"><\/div><div class=\"item-wrap\"><img src=\"https:\/\/blunery.com\/en\/wp-content\/uploads\/2020\/10\/foto-principal-qsomos-v4-473x500.jpg\" alt=\"Image\"><\/div><\/div><\/div>[\/vc_column][vc_column width=&#8221;1\/2&#8243;]\r\n\t<div class=\"bauer-spacer clearfix\" data-desktop=\"45\" data-mobi=\"45\" data-smobi=\"45\"><\/div><h2 class=\"bauer-text clearfix \" style=\"font-size:42px;line-height:50px;color:#030f27;\"><p><span class=\"font-weight-300\">About<\/span>\u00a0Us<\/p>\n<\/h2>\r\n\t<div class=\"bauer-spacer clearfix\" data-desktop=\"35\" data-mobi=\"45\" data-smobi=\"45\"><\/div>\r\n\t<div class=\"bauer-accordions accordions\"><div class=\"accordion-item style-2 active\" style=\"margin-bottom:10px;\"><h3 class=\"accordion-heading\" style=\"font-size:22px;\">\r\n\t\t\t<span class=\"inner\" style=\"\">\r\n\t\t\t\tVision\r\n\t\t\t<\/span>\r\n\t\t<\/h3><div class=\"accordion-content\" style=\"\"><p>Offer the best energy solutions for companies throughout America.<\/p>\n<\/div><\/div><div class=\"accordion-item style-2\" style=\"margin-bottom:10px;\"><h3 class=\"accordion-heading\" style=\"font-size:22px;\">\r\n\t\t\t<span class=\"inner\" style=\"\">\r\n\t\t\t\tMision\r\n\t\t\t<\/span>\r\n\t\t<\/h3><div class=\"accordion-content\" style=\"\"><p>We develop and manufacture energy equipment according to the needs (current and future) of telecommunications companies, industries and data centers throughout America, with the best available technology with the lowest environmental impact, and with a totally customer-oriented perspective.<\/p>\n<\/div><\/div><div class=\"accordion-item style-2\" style=\"margin-bottom:10px;\"><h3 class=\"accordion-heading\" style=\"font-size:22px;\">\r\n\t\t\t<span class=\"inner\" style=\"\">\r\n\t\t\t\tValues\r\n\t\t\t<\/span>\r\n\t\t<\/h3><div class=\"accordion-content\" style=\"\"><p><strong>RESPONSIBILITY:<\/strong> We develop our products and our commercial activities with full respect for the current regulations and agreements.<\/p>\n<p><strong>RELIABILITY:<\/strong> We are committed to complying the agreements with customers, suppliers, and employees, and we do not commit to what we cannot comply with.<\/p>\n<p><strong>PROACTIVITY:<\/strong> We are motivated to be one step ahead of our clients&#8217; needs, collaborating with them to maximize results.<\/p>\n<p><strong>INNOVATION TO EVOLVE:<\/strong> We know that technology and processes can always be improved, and the evolution of all businesses depends on it.<\/p>\n<p>WE CARE ABOUT THE FUTURE: We seek to take care of our impact on the environment by identifying opportunities for improvements in our actions and product development.<\/p>\n<\/div><\/div><\/div>\r\n\t<div class=\"bauer-spacer clearfix\" data-desktop=\"45\" data-mobi=\"45\" data-smobi=\"45\"><\/div>[\/vc_column][\/vc_row][vc_row disable_element=&#8221;yes&#8221; css=&#8221;.vc_custom_1602653916386{background-image: url(http:\/\/ninzio.com\/bauer\/wp-content\/uploads\/2019\/05\/section-bg1-2.png?id=8072) !important;background-position: center !important;background-repeat: no-repeat !important;background-size: cover !important;}&#8221;][vc_column]<div class=\"bauer-content-box clearfix \" data-padding=\"0% 0% 0% 20%\" data-mobipadding=\"0% 0% 0% 0%\" data-margin=\"\" data-mobimargin=\"\" >\r\n\t\t<div class=\"inner ctb-1604458347\" style=\"\"  data-background=\"\">\r\n\t\t\t<div class=\"bauer-headings clearfix  wow fadeInUp\"  data-wow-duration=\"0.75s\" data-wow-delay=\"0.3s\" style=\"\"><h5 class=\"heading clearfix \" style=\"margin-bottom:15px;\">\r\n\t\tVisi\u00f3n\r\n\t<\/h5><div class=\"sep accent clearfix\" style=\"width:70px;height:2px;\"><\/div><div class=\"extra-content clearfix\" style=\"\">\r\n\t\t<p>Ofrecer las mejores soluciones de energ\u00eda para empresas de toda Am\u00e9rica.<\/p>\n\r\n\t<\/div><\/div><div class=\"bauer-text clearfix \" style=\"\"><h4>Visi\u00f3n<\/h4>\n<p>Ofrecer las mejores soluciones de energ\u00eda para empresas de toda Am\u00e9rica.<\/p>\n<h4>Misi\u00f3n<\/h4>\n<p>Desarrollamos y fabricamos equipos de energ\u00eda seg\u00fan las necesidades (actuales y futuras) de empresas de telecomunicaciones, industrias y datacenters de toda Am\u00e9rica, con la mejor tecnolog\u00eda disponible de menor impacto ambiental, y con una mirada totalmente orientada al cliente.<br \/>\nOfrecer las mejores soluciones de energ\u00eda para empresas de toda Am\u00e9rica.<\/p>\n<\/div>\r\n\t<div class=\"bauer-spacer clearfix\" data-desktop=\"80\" data-mobi=\"60\" data-smobi=\"60\"><\/div>\r\n\t\t<\/div>\r\n\t<\/div>\r\n\t<div class=\"bauer-spacer clearfix\" data-desktop=\"94\" data-mobi=\"60\" data-smobi=\"60\"><\/div>[vc_row_inner][vc_column_inner width=&#8221;1\/2&#8243;]<div class=\"bauer-single-heading clearfix \" style=\"margin-bottom:25px;\"><span class=\"inner\"><span class=\"heading clearfix \" style=\"font-weight:600;color:#777777;font-size:16px;\">\r\n\t\tOUR COMPANY\r\n\t<\/span><\/span><\/div><h2 class=\"bauer-text clearfix \" style=\"font-size:42px;line-height:50px;color:#030f27;\"><p><span class=\"font-weight-300\">We stay current with the latest<\/span> applications <span class=\"font-weight-300\">and<\/span> building technologies<\/p>\n<\/h2>[\/vc_column_inner][vc_column_inner width=&#8221;1\/2&#8243;]\r\n\t<div class=\"bauer-spacer clearfix\" data-desktop=\"52\" data-mobi=\"30\" data-smobi=\"30\"><\/div><div class=\"bauer-text clearfix \" style=\"font-size:18px;line-height:30px;color:#414042;\"><p>We build the finest homes and structures within our client\u2019s budgets and time frame without sacrificing quality and workmanship. We work with you on all of your green energy ideas. We keep you up to date on the latest greenest building practices and materials.<\/p>\n<\/div>[\/vc_column_inner][\/vc_row_inner]\r\n\t<div class=\"bauer-spacer clearfix\" data-desktop=\"70\" data-mobi=\"50\" data-smobi=\"50\"><\/div>[vc_row_inner][vc_column_inner width=&#8221;1\/3&#8243;]<div class=\"bauer-icon-box clearfix icon-left align-left hover-style-1 simple\" style=\"background-color:#ffffff;padding:25px 25px 27px;border-radius:5px;border:1px solid #e7e7e7;\" ><div class=\"hover\" style=\"border-radius:5px;background-image:url(https:\/\/blunery.com\/en\/wp-content\/uploads\/2019\/05\/iconbox-small-bg1.jpg);\"><\/div><div class=\"wrap-inner\" style=\"position: relative;\"><div class=\"bauer-icon icon-1310929971 accent custom\"  data-background=\"\">\r\n\t\t\t\t<span class=\"icon\" style=\"font-size:50px;width:50px;height:50px;border-style:solid;line-height:50px;\"><i class=\"bauerico-helmet\"><\/i><\/span>\r\n\t\t\t<\/div> <h3 class=\"heading \" style=\"padding-left:75px;font-size:20px;line-height:24px;margin-bottom:12px;\">\r\n\t\t\t<span>Construction<br \/>\nManagement<\/span>\r\n\t\t<\/h3><div class=\"desc\" style=\"padding-left:75px;\"><p>This area delivers the control you want over all critical aspects of your project.<\/p>\n<\/div> <div class=\"hover\" style=\"border-radius:5px;background-image:url(https:\/\/blunery.com\/en\/wp-content\/uploads\/2019\/05\/iconbox-small-bg1.jpg);\"><\/div><\/div><\/div>\r\n\t<div class=\"bauer-spacer clearfix\" data-desktop=\"0\" data-mobi=\"30\" data-smobi=\"30\"><\/div>[\/vc_column_inner][vc_column_inner width=&#8221;1\/3&#8243;]<div class=\"bauer-icon-box clearfix icon-left align-left hover-style-1 simple\" style=\"background-color:#ffffff;padding:25px 25px 27px;border-radius:5px;border:1px solid #e7e7e7;\" ><div class=\"hover\" style=\"border-radius:5px;background-image:url(https:\/\/blunery.com\/en\/wp-content\/uploads\/2019\/05\/iconbox-small-bg2.jpg);\"><\/div><div class=\"wrap-inner\" style=\"position: relative;\"><div class=\"bauer-icon icon-1408841192 accent custom\"  data-background=\"\">\r\n\t\t\t\t<span class=\"icon\" style=\"font-size:50px;width:50px;height:50px;border-style:solid;line-height:50px;\"><i class=\"bauerico-building\"><\/i><\/span>\r\n\t\t\t<\/div> <h3 class=\"heading \" style=\"padding-left:75px;font-size:20px;line-height:24px;margin-bottom:12px;\">\r\n\t\t\t<span>Owner's<br \/>\nRepresentation<\/span>\r\n\t\t<\/h3><div class=\"desc\" style=\"padding-left:75px;\"><p>A good owner\u2019s rep saves their client time, money and a lot of headaches.<\/p>\n<\/div> <div class=\"hover\" style=\"border-radius:5px;background-image:url(https:\/\/blunery.com\/en\/wp-content\/uploads\/2019\/05\/iconbox-small-bg2.jpg);\"><\/div><\/div><\/div>\r\n\t<div class=\"bauer-spacer clearfix\" data-desktop=\"0\" data-mobi=\"30\" data-smobi=\"30\"><\/div>[\/vc_column_inner][vc_column_inner width=&#8221;1\/3&#8243;]<div class=\"bauer-icon-box clearfix icon-left align-left hover-style-1 simple\" style=\"background-color:#ffffff;padding:25px 25px 27px;border-radius:5px;border:1px solid #e7e7e7;\" ><div class=\"hover\" style=\"border-radius:5px;background-image:url(https:\/\/blunery.com\/en\/wp-content\/uploads\/2019\/05\/iconbox-small-bg3.jpg);\"><\/div><div class=\"wrap-inner\" style=\"position: relative;\"><div class=\"bauer-icon icon-1806905103 accent custom\"  data-background=\"\">\r\n\t\t\t\t<span class=\"icon\" style=\"font-size:50px;width:50px;height:50px;border-style:solid;line-height:50px;\"><i class=\"bauerico-crane\"><\/i><\/span>\r\n\t\t\t<\/div> <h3 class=\"heading \" style=\"padding-left:75px;font-size:20px;line-height:24px;margin-bottom:12px;\">\r\n\t\t\t<span>General<br \/>\nContractor<\/span>\r\n\t\t<\/h3><div class=\"desc\" style=\"padding-left:75px;\"><p>Clients hire Bauer because we deliver great value, without question.<\/p>\n<\/div> <div class=\"hover\" style=\"border-radius:5px;background-image:url(https:\/\/blunery.com\/en\/wp-content\/uploads\/2019\/05\/iconbox-small-bg3.jpg);\"><\/div><\/div><\/div>[\/vc_column_inner][\/vc_row_inner]\r\n\t<div class=\"bauer-spacer clearfix\" data-desktop=\"100\" data-mobi=\"60\" data-smobi=\"60\"><\/div>[\/vc_column][\/vc_row][vc_row][vc_column]\r\n\t<div class=\"bauer-spacer clearfix\" data-desktop=\"100\" data-mobi=\"60\" data-smobi=\"60\"><\/div><h2 class=\"bauer-text clearfix \" style=\"font-size:42px;line-height:50px;color:#000000;\"><p>About Us<\/p>\n<\/h2>[vc_separator color=&#8221;black&#8221; align=&#8221;align_left&#8221; el_width=&#8221;20&#8243; css=&#8221;.vc_custom_1608109874324{margin-top: 15px !important;}&#8221;]\r\n\t<div class=\"bauer-spacer clearfix\" data-desktop=\"52\" data-mobi=\"30\" data-smobi=\"30\"><\/div>[vc_row_inner][vc_column_inner width=&#8221;1\/2&#8243;]\r\n\t<div class=\"bauer-spacer clearfix\" data-desktop=\"52\" data-mobi=\"30\" data-smobi=\"30\"><\/div><h2 class=\"bauer-text clearfix \" style=\"font-size:32px;line-height:50px;color:#183ea5;\"><p>Vision<\/p>\n<\/h2>[\/vc_column_inner][vc_column_inner width=&#8221;1\/2&#8243;]\r\n\t<div class=\"bauer-spacer clearfix\" data-desktop=\"52\" data-mobi=\"30\" data-smobi=\"30\"><\/div><div class=\"bauer-text clearfix \" style=\"font-size:15px;line-height:30px;color:#414042;\"><p><span>Offer the best energy solutions for companies throughout America.<\/span><\/p>\n<\/div>[\/vc_column_inner][\/vc_row_inner][vc_separator css=&#8221;.vc_custom_1608108317217{padding-top: 30px !important;padding-bottom: 15px !important;}&#8221;][vc_row_inner][vc_column_inner width=&#8221;1\/2&#8243;]\r\n\t<div class=\"bauer-spacer clearfix\" data-desktop=\"52\" data-mobi=\"30\" data-smobi=\"30\"><\/div><h2 class=\"bauer-text clearfix \" style=\"font-size:32px;line-height:50px;color:#183ea5;\"><p>Mission<\/p>\n<\/h2>[\/vc_column_inner][vc_column_inner width=&#8221;1\/2&#8243;]\r\n\t<div class=\"bauer-spacer clearfix\" data-desktop=\"52\" data-mobi=\"30\" data-smobi=\"30\"><\/div><div class=\"bauer-text clearfix \" style=\"font-size:15px;line-height:30px;color:#414042;\"><div class=\"accordion-item style-2 active\">\n<div class=\"accordion-content\">\n<p>We develop and manufacture energy equipment according to the needs (current and future) of telecommunications companies, industries and data centers throughout America, with the best available technology with the lowest environmental impact, and with a totally customer-oriented perspective.<\/p>\n<\/div>\n<\/div>\n<div class=\"accordion-item style-2\">\n<h3 class=\"accordion-heading\"><\/h3>\n<\/div>\n<\/div>[\/vc_column_inner][\/vc_row_inner][vc_separator css=&#8221;.vc_custom_1608108328591{padding-top: 30px !important;padding-bottom: 15px !important;}&#8221;][vc_row_inner][vc_column_inner width=&#8221;1\/2&#8243;]\r\n\t<div class=\"bauer-spacer clearfix\" data-desktop=\"52\" data-mobi=\"30\" data-smobi=\"30\"><\/div><h2 class=\"bauer-text clearfix \" style=\"font-size:32px;line-height:50px;color:#183ea5;\"><p>Values<\/p>\n<\/h2>[\/vc_column_inner][vc_column_inner width=&#8221;1\/2&#8243;]\r\n\t<div class=\"bauer-spacer clearfix\" data-desktop=\"52\" data-mobi=\"30\" data-smobi=\"30\"><\/div><div class=\"bauer-text clearfix \" style=\"font-size:15px;line-height:30px;color:#414042;\"><p><strong>RESPONSIBILITY:<\/strong> We develop our products and our commercial activities with full respect for the current regulations and agreements.<\/p>\n<p><strong>RELIABILITY:<\/strong> We are committed to complying the agreements with customers, suppliers, and employees, and we do not commit to what we cannot comply with.<\/p>\n<p><strong>PROACTIVITY:<\/strong> We are motivated to be one step ahead of our clients&#8217; needs, collaborating with them to maximize results.<\/p>\n<p><strong>INNOVATION TO EVOLVE:<\/strong> We know that technology and processes can always be improved, and the evolution of all businesses depends on it.<\/p>\n<p><strong>WE CARE ABOUT THE FUTURE:<\/strong> We seek to take care of our impact on the environment by identifying opportunities for improvements in our actions and product development.<\/p>\n<\/div>[\/vc_column_inner][\/vc_row_inner]\r\n\t<div class=\"bauer-spacer clearfix\" data-desktop=\"100\" data-mobi=\"60\" data-smobi=\"60\"><\/div>[\/vc_column][\/vc_row]<\/p>\n","protected":false},"excerpt":{"rendered":"<p>[vc_row parallax=&#8221;content-moving&#8221; parallax_image=&#8221;10030&#8243; css=&#8221;.vc_custom_1604008711554{padding-top: 70px !important;padding-bottom: 70px !important;background-image: url(https:\/\/blunery.com\/en\/wp-content\/uploads\/2019\/05\/main-bg-1.png?id=8860) !important;background-position: center;background-repeat: no-repeat !important;background-size: cover !important;}&#8221; el_id=&#8221;first-row&#8221;][vc_column][vc_row_inner][vc_column_inner width=&#8221;1\/2&#8243;][\/vc_column_inner][vc_column_inner width=&#8221;1\/2&#8243; css=&#8221;.vc_custom_1602654057083{padding-top: 80px !important;padding-right: 50px !important;padding-bottom: 80px !important;padding-left: 50px !important;background-color: rgba(255,255,255,0.84) !important;*background-color: rgb(255,255,255) !important;}&#8221;][\/vc_column_inner][\/vc_row_inner][\/vc_column][\/vc_row][vc_row disable_element=&#8221;yes&#8221; css=&#8221;.vc_custom_1608110529711{margin-top: 100px !important;margin-bottom: 100px !important;}&#8221;][vc_column width=&#8221;1\/2&#8243;][\/vc_column][vc_column width=&#8221;1\/2&#8243;][\/vc_column][\/vc_row][vc_row disable_element=&#8221;yes&#8221; css=&#8221;.vc_custom_1602653916386{background-image: url(http:\/\/ninzio.com\/bauer\/wp-content\/uploads\/2019\/05\/section-bg1-2.png?id=8072) !important;background-position: center !important;background-repeat: no-repeat !important;background-size: cover !important;}&#8221;][vc_column][vc_row_inner][vc_column_inner width=&#8221;1\/2&#8243;][\/vc_column_inner][vc_column_inner<\/p>\n","protected":false},"author":1,"featured_media":0,"parent":0,"menu_order":0,"comment_status":"closed","ping_status":"closed","template":"","meta":[],"_links":{"self":[{"href":"https:\/\/blunery.com\/en\/wp-json\/wp\/v2\/pages\/10355"}],"collection":[{"href":"https:\/\/blunery.com\/en\/wp-json\/wp\/v2\/pages"}],"about":[{"href":"https:\/\/blunery.com\/en\/wp-json\/wp\/v2\/types\/page"}],"author":[{"embeddable":true,"href":"https:\/\/blunery.com\/en\/wp-json\/wp\/v2\/users\/1"}],"replies":[{"embeddable":true,"href":"https:\/\/blunery.com\/en\/wp-json\/wp\/v2\/comments?post=10355"}],"version-history":[{"count":6,"href":"https:\/\/blunery.com\/en\/wp-json\/wp\/v2\/pages\/10355\/revisions"}],"predecessor-version":[{"id":10494,"href":"https:\/\/blunery.com\/en\/wp-json\/wp\/v2\/pages\/10355\/revisions\/10494"}],"wp:attachment":[{"href":"https:\/\/blunery.com\/en\/wp-json\/wp\/v2\/media?parent=10355"}],"curies":[{"name":"wp","href":"https:\/\/api.w.org\/{rel}","templated":true}]}}